{"id":1238,"date":"2020-02-11T00:10:30","date_gmt":"2020-02-11T00:10:30","guid":{"rendered":"http:\/\/quintadesantiago.pt\/?page_id=1238"},"modified":"2020-02-12T16:12:34","modified_gmt":"2020-02-12T16:12:34","slug":"our-philosophy","status":"publish","type":"page","link":"https:\/\/quintadesantiago.pt\/en\/our-philosophy\/","title":{"rendered":"Our Philosophy"},"content":{"rendered":"<div class=\"wpb-content-wrapper\"><p>[vc_section full_width=&#8221;stretch_row&#8221; full_height=&#8221;yes&#8221; content_placement=&#8221;top&#8221; mobile_bg_img_hidden=&#8221;no&#8221; tablet_bg_img_hidden=&#8221;no&#8221; woodmart_parallax=&#8221;0&#8243; woodmart_gradient_switch=&#8221;no&#8221; woodmart_disable_overflow=&#8221;0&#8243;][vc_row content_placement=&#8221;middle&#8221; mobile_bg_img_hidden=&#8221;no&#8221; tablet_bg_img_hidden=&#8221;no&#8221; woodmart_parallax=&#8221;0&#8243; woodmart_gradient_switch=&#8221;no&#8221; row_reverse_mobile=&#8221;0&#8243; row_reverse_tablet=&#8221;0&#8243; woodmart_disable_overflow=&#8221;0&#8243;][vc_column css_animation=&#8221;none&#8221; width=&#8221;1\/2&#8243; css=&#8221;.vc_custom_1577711311858{padding-top: 140px !important;background-color: #fcfaf6 !important;}&#8221; mobile_bg_img_hidden=&#8221;no&#8221; tablet_bg_img_hidden=&#8221;no&#8221; woodmart_parallax=&#8221;0&#8243; woodmart_sticky_column=&#8221;true&#8221; parallax_scroll=&#8221;no&#8221; mobile_reset_margin=&#8221;no&#8221; tablet_reset_margin=&#8221;no&#8221; el_class=&#8221;column-background&#8221; offset=&#8221;vc_hidden-sm vc_hidden-xs&#8221;][vc_single_image image=&#8221;382&#8243; img_size=&#8221;400&#215;500&#8243; css_animation=&#8221;fadeIn&#8221; parallax_scroll=&#8221;no&#8221; el_class=&#8221;feature-image&#8221;][\/vc_column][vc_column width=&#8221;1\/2&#8243; mobile_bg_img_hidden=&#8221;no&#8221; tablet_bg_img_hidden=&#8221;no&#8221; woodmart_parallax=&#8221;0&#8243; woodmart_sticky_column=&#8221;false&#8221; parallax_scroll=&#8221;no&#8221; mobile_reset_margin=&#8221;no&#8221; tablet_reset_margin=&#8221;no&#8221; el_class=&#8221;column-page-title&#8221; css=&#8221;.vc_custom_1577711305084{margin-top: 150px !important;}&#8221; offset=&#8221;vc_hidden-sm vc_hidden-xs&#8221;]\t\t\n\t\t<div id=\"wd-5e41ed00221f3\" class=\"title-wrapper  woodmart-title-color-default woodmart-title-style-simple woodmart-title-width-100 text-center wpb_animate_when_almost_visible wpb_wd-slide-from-top wd-slide-from-top woodmart-title-size-extra-large \">\n\t\t\t\t\t\t\n\t\t\t<div class=\"liner-continer\">\n\t\t\t\t<span class=\"left-line\"><\/span>\n\t\t\t\t<h4 class=\"woodmart-title-container title  woodmart-font-weight-500\" >OUR PHILOSOPHY<\/h4>\t\t\t\t\t\t\t\t<span class=\"right-line\"><\/span>\n\t\t\t<\/div>\n\t\t\t\n\t\t\t\t\t\t\t<div class=\"title-after_title\">The Santiago wine family is already in the fourth generation and their project Quinta de Santiago \u2013 Boutique Winery reveals an intense connection and a strong attachment to the land. They\u2019re proud to keep and replicate their ancestors' way of working, valuing their terroir, respecting nature and reaping from the empirical learning of the past, a legacy for generations to come \u2013 a cultural continuum that passes from generation to generation.<\/div>\n\t\t\t\t\t\t\n\t\t\t\t\t<\/div>\n\t\t\n\t\t[vc_raw_html]JTNDZGl2JTIwY2xhc3MlM0QlMjJidG4tbGluZSUyMiUzRSUwQSUyMCUzQ2RpdiUyMGNsYXNzJTNEJTIyb3V0ZXIlMjIlM0UlMEElMjAlMjAlMjAlM0NkaXYlMjBjbGFzcyUzRCUyMmlubmVyJTIyJTNFJTNDJTJGZGl2JTNFJTBBJTIwJTNDJTJGZGl2JTNFJTBBJTNDJTJGZGl2JTNF[\/vc_raw_html][\/vc_column][\/vc_row][vc_row mobile_bg_img_hidden=&#8221;no&#8221; tablet_bg_img_hidden=&#8221;no&#8221; woodmart_parallax=&#8221;0&#8243; woodmart_gradient_switch=&#8221;no&#8221; row_reverse_mobile=&#8221;0&#8243; row_reverse_tablet=&#8221;0&#8243; woodmart_disable_overflow=&#8221;0&#8243; el_class=&#8221;section-about-mobile&#8221; css=&#8221;.vc_custom_1577709670651{background-color: #fcfaf6 !important;}&#8221;][vc_column width=&#8221;1\/6&#8243;][\/vc_column][vc_column width=&#8221;2\/3&#8243; offset=&#8221;vc_hidden-lg vc_hidden-md&#8221; mobile_bg_img_hidden=&#8221;no&#8221; tablet_bg_img_hidden=&#8221;no&#8221; woodmart_parallax=&#8221;0&#8243; woodmart_sticky_column=&#8221;false&#8221; parallax_scroll=&#8221;no&#8221; mobile_reset_margin=&#8221;no&#8221; tablet_reset_margin=&#8221;no&#8221;]\t\t\n\t\t<div id=\"wd-5e41ee166b337\" class=\"title-wrapper  woodmart-title-color-default woodmart-title-style-simple woodmart-title-width-100 text-center wpb_animate_when_almost_visible wpb_wd-slide-from-top wd-slide-from-top woodmart-title-size-extra-large \">\n\t\t\t\t\t\t\n\t\t\t<div class=\"liner-continer\">\n\t\t\t\t<span class=\"left-line\"><\/span>\n\t\t\t\t<h4 class=\"woodmart-title-container title  woodmart-font-weight-500\" >OUR PHILOSOPHY<\/h4>\t\t\t\t\t\t\t\t<span class=\"right-line\"><\/span>\n\t\t\t<\/div>\n\t\t\t\n\t\t\t\t\t\t\t<div class=\"title-after_title\">The Santiago wine family is already in the fourth generation and their project Quinta de Santiago \u2013 Boutique Winery reveals an intense connection and a strong attachment to the land. They\u2019re proud to keep and replicate their ancestors' way of working, valuing their terroir, respecting nature and reaping from the empirical learning of the past, a legacy for generations to come \u2013 a cultural continuum that passes from generation to generation.<\/div>\n\t\t\t\t\t\t\n\t\t\t\t\t<\/div>\n\t\t\n\t\t[vc_raw_html]JTNDZGl2JTIwY2xhc3MlM0QlMjJidG4tbGluZSUyMiUzRSUwQSUyMCUzQ2RpdiUyMGNsYXNzJTNEJTIyb3V0ZXIlMjIlM0UlMEElMjAlMjAlMjAlM0NkaXYlMjBjbGFzcyUzRCUyMmlubmVyJTIyJTNFJTNDJTJGZGl2JTNFJTBBJTIwJTNDJTJGZGl2JTNFJTBBJTNDJTJGZGl2JTNF[\/vc_raw_html][\/vc_column][vc_column width=&#8221;1\/6&#8243;][\/vc_column][\/vc_row][\/vc_section][vc_row full_width=&#8221;stretch_row&#8221; content_placement=&#8221;middle&#8221; mobile_bg_img_hidden=&#8221;no&#8221; tablet_bg_img_hidden=&#8221;no&#8221; woodmart_parallax=&#8221;0&#8243; woodmart_gradient_switch=&#8221;no&#8221; row_reverse_mobile=&#8221;0&#8243; row_reverse_tablet=&#8221;0&#8243; woodmart_disable_overflow=&#8221;0&#8243; css=&#8221;.vc_custom_1572360247235{padding-bottom: 80px !important;}&#8221;][vc_column css_animation=&#8221;none&#8221; width=&#8221;1\/2&#8243; mobile_bg_img_hidden=&#8221;no&#8221; tablet_bg_img_hidden=&#8221;no&#8221; woodmart_parallax=&#8221;0&#8243; woodmart_sticky_column=&#8221;false&#8221; parallax_scroll=&#8221;no&#8221; mobile_reset_margin=&#8221;no&#8221; tablet_reset_margin=&#8221;no&#8221;][vc_column_text css_animation=&#8221;wd-slide-from-left&#8221; text_larger=&#8221;no&#8221;]<\/p>\n<p style=\"text-align: left;\">When we started our project with our own brand, we knew the path we wanted to follow: above all, to preserve the work &#8220;of the folk of the land&#8221; that had already been done on the estate for years, combining ancestral techniques left by grandma Mariazinha, with modernity of the youngest who, with a restless spirit, embraced this project with passion.<\/p>\n<p style=\"text-align: left;\">Creating wines that faithfully express the identity of the Portuguese native grape variety \u2013 Alvarinho \u2013 and our terroir \u2013 Mon\u00e7\u00e3o and Melga\u00e7o \u2013 is what moves us. Sharing new paths and interpretations of the variety in our territory is what feeds our soul.<\/p>\n<p>[\/vc_column_text][\/vc_column][vc_column css_animation=&#8221;none&#8221; width=&#8221;1\/2&#8243; mobile_bg_img_hidden=&#8221;no&#8221; tablet_bg_img_hidden=&#8221;no&#8221; woodmart_parallax=&#8221;0&#8243; woodmart_sticky_column=&#8221;false&#8221; parallax_scroll=&#8221;no&#8221; mobile_reset_margin=&#8221;no&#8221; tablet_reset_margin=&#8221;no&#8221;][vc_single_image image=&#8221;847&#8243; img_size=&#8221;full&#8221; alignment=&#8221;center&#8221; css_animation=&#8221;wd-slide-from-right&#8221; parallax_scroll=&#8221;no&#8221;][\/vc_column][\/vc_row][vc_row full_width=&#8221;stretch_row&#8221; content_placement=&#8221;middle&#8221; mobile_bg_img_hidden=&#8221;no&#8221; tablet_bg_img_hidden=&#8221;no&#8221; woodmart_parallax=&#8221;0&#8243; woodmart_gradient_switch=&#8221;no&#8221; row_reverse_mobile=&#8221;0&#8243; row_reverse_tablet=&#8221;0&#8243; woodmart_disable_overflow=&#8221;1&#8243; css=&#8221;.vc_custom_1572360312860{padding-top: 60px !important;padding-bottom: 70px !important;background-color: #fcfaf6 !important;}&#8221;][vc_column width=&#8221;1\/6&#8243;][\/vc_column][vc_column width=&#8221;2\/3&#8243;][vc_raw_html css=&#8221;.vc_custom_1572347568411{margin-bottom: 0px !important;}&#8221;]JTNDZGl2JTIwY2xhc3MlM0QlMjJzZWN0aW9uLWFib3V0LWxpbmVzJTIyJTNFJTBBJTIwJTNDZGl2JTIwY2xhc3MlM0QlMjJvdXRlciUyMiUzRSUwQSUyMCUyMCUyMCUzQ2RpdiUyMGNsYXNzJTNEJTIyaW5uZXIlMjIlM0UlM0MlMkZkaXYlM0UlMEElMjAlM0MlMkZkaXYlM0UlMEElM0MlMkZkaXYlM0U=[\/vc_raw_html][vc_column_text css_animation=&#8221;wd-slide-from-bottom&#8221; text_larger=&#8221;no&#8221; css=&#8221;.vc_custom_1581379822561{margin-top: 70px !important;}&#8221;]<\/p>\n<p style=\"text-align: center;\">Wines made only with own grapes, produced on our land, with vinifications that respect the grape using minimal intervention in the cellar to achieve the maximum expression of nature. No make-up.<\/p>\n<p style=\"text-align: center;\">Working the land and the vineyards through sustainable practices, using the most balanced and natural resources. Premium wines, of limited production, truly authentic and with its own identity, ours.<\/p>\n<p>[\/vc_column_text][\/vc_column][vc_column width=&#8221;1\/6&#8243;][\/vc_column][\/vc_row][vc_section full_width=&#8221;stretch_row_content&#8221; mobile_bg_img_hidden=&#8221;no&#8221; tablet_bg_img_hidden=&#8221;no&#8221; woodmart_parallax=&#8221;0&#8243; woodmart_gradient_switch=&#8221;no&#8221; woodmart_disable_overflow=&#8221;1&#8243; css=&#8221;.vc_custom_1572360002102{margin-top: 80px !important;}&#8221;][vc_row full_width=&#8221;stretch_row&#8221; content_placement=&#8221;top&#8221; mobile_bg_img_hidden=&#8221;no&#8221; tablet_bg_img_hidden=&#8221;no&#8221; woodmart_parallax=&#8221;0&#8243; woodmart_gradient_switch=&#8221;no&#8221; row_reverse_mobile=&#8221;0&#8243; row_reverse_tablet=&#8221;0&#8243; woodmart_disable_overflow=&#8221;0&#8243;][vc_column width=&#8221;1\/6&#8243;][\/vc_column][vc_column css_animation=&#8221;none&#8221; width=&#8221;2\/3&#8243; mobile_bg_img_hidden=&#8221;no&#8221; tablet_bg_img_hidden=&#8221;no&#8221; woodmart_parallax=&#8221;0&#8243; woodmart_sticky_column=&#8221;false&#8221; parallax_scroll=&#8221;no&#8221; mobile_reset_margin=&#8221;no&#8221; tablet_reset_margin=&#8221;no&#8221;][vc_single_image image=&#8221;842&#8243; img_size=&#8221;1920&#215;1000&#8243; alignment=&#8221;center&#8221; css_animation=&#8221;wd-slide-from-top&#8221; parallax_scroll=&#8221;no&#8221;][\/vc_column][vc_column width=&#8221;1\/6&#8243;][\/vc_column][\/vc_row][\/vc_section]<\/p>\n<\/div>","protected":false},"excerpt":{"rendered":"<p>[vc_section full_width=&#8221;stretch_row&#8221; full_height=&#8221;yes&#8221; content_placement=&#8221;top&#8221; mobile_bg_img_hidden=&#8221;no&#8221; tablet_bg_img_hidden=&#8221;no&#8221; woodmart_parallax=&#8221;0&#8243; woodmart_gradient_switch=&#8221;no&#8221; woodmart_disable_overflow=&#8221;0&#8243;][vc_row content_placement=&#8221;middle&#8221; mobile_bg_img_hidden=&#8221;no&#8221; tablet_bg_img_hidden=&#8221;no&#8221; woodmart_parallax=&#8221;0&#8243; woodmart_gradient_switch=&#8221;no&#8221; row_reverse_mobile=&#8221;0&#8243; row_reverse_tablet=&#8221;0&#8243; woodmart_disable_overflow=&#8221;0&#8243;][vc_column css_animation=&#8221;none&#8221; width=&#8221;1\/2&#8243; css=&#8221;.vc_custom_1577711311858{padding-top:<\/p>\n","protected":false},"author":2,"featured_media":0,"parent":0,"menu_order":0,"comment_status":"closed","ping_status":"closed","template":"","meta":[],"_links":{"self":[{"href":"https:\/\/quintadesantiago.pt\/en\/wp-json\/wp\/v2\/pages\/1238"}],"collection":[{"href":"https:\/\/quintadesantiago.pt\/en\/wp-json\/wp\/v2\/pages"}],"about":[{"href":"https:\/\/quintadesantiago.pt\/en\/wp-json\/wp\/v2\/types\/page"}],"author":[{"embeddable":true,"href":"https:\/\/quintadesantiago.pt\/en\/wp-json\/wp\/v2\/users\/2"}],"replies":[{"embeddable":true,"href":"https:\/\/quintadesantiago.pt\/en\/wp-json\/wp\/v2\/comments?post=1238"}],"version-history":[{"count":2,"href":"https:\/\/quintadesantiago.pt\/en\/wp-json\/wp\/v2\/pages\/1238\/revisions"}],"predecessor-version":[{"id":1241,"href":"https:\/\/quintadesantiago.pt\/en\/wp-json\/wp\/v2\/pages\/1238\/revisions\/1241"}],"wp:attachment":[{"href":"https:\/\/quintadesantiago.pt\/en\/wp-json\/wp\/v2\/media?parent=1238"}],"curies":[{"name":"wp","href":"https:\/\/api.w.org\/{rel}","templated":true}]}}