{"id":1268,"date":"2019-10-31T17:31:27","date_gmt":"2019-10-31T17:31:27","guid":{"rendered":"http:\/\/quintadesantiago.pt\/produto\/rascunho\/"},"modified":"2021-03-15T13:09:09","modified_gmt":"2021-03-15T13:09:09","slug":"rascunho","status":"publish","type":"product","link":"https:\/\/quintadesantiago.pt\/en\/product\/rascunho\/","title":{"rendered":"RASCUNHO"},"content":{"rendered":"","protected":false},"excerpt":{"rendered":"<div class=\"content-box\">\n<div class=\"custom-icon\"><img src=\"\/wp-content\/uploads\/2019\/10\/test.png\" width=\"36\" \/><\/div>\n<h3 style=\"color: #048e63;\">DETAILS<\/h3>\n<p style=\"text-align: left;\"><strong>REGION<\/strong> Vinhos Verdes \u2013 Sub-Region of Mon\u00e7\u00e3o and Melga\u00e7o<br \/>\n<strong>VINTAGE<\/strong> 2018<br \/>\n<strong>VARIETIES<\/strong> Alvarinho<br \/>\n<strong>WINEMAKING<\/strong> Abel Codesso<br \/>\n<strong>ALCOHOL<\/strong> 13,5%<\/p>\n<\/div>\n<div class=\"separator\"><\/div>\n<div class=\"content-box\">\n<div class=\"custom-icon\"><img src=\"\/wp-content\/uploads\/2019\/10\/wine-glass.png\" width=\"36\" \/><\/div>\n<h3 style=\"color: #048e63;\">TASTING NOTES<\/h3>\n<p style=\"text-align: left;\">Went through free and slow fermentation in used French oak barrel for a period of 2 months. Aged on total lees with initial batonage for 13 months followed by aging in bottle for 6 months. It\u2019s a sweet wine, with a crunchy acidity, full of character, with flaws, full of passion and vibrant expression. Fine, fresh, elegant and persistent.<\/p>\n<\/div>\n<div class=\"separator\"><\/div>\n<div class=\"content-box\">\n<div class=\"custom-icon\"><img src=\"\/wp-content\/uploads\/2019\/10\/restaurant.png\" width=\"36\" \/><\/div>\n<h3 style=\"color: #048e63;\">CONSUMPTION SUGGESTIONS<\/h3>\n<p style=\"text-align: left;\">&#8211;<\/p>\n<\/div>\n<div class=\"separator\"><\/div>\n<div class=\"content-box\"><a class=\"btn btn-color-primary btn-style-bordered btn-size-large qsrascunho\" style=\"margin-top: 20px;\" target=\"_blank\" rel=\"noopener noreferrer\">TECHNICAL SHEET<\/a><\/div>\n","protected":false},"featured_media":0,"comment_status":"open","ping_status":"closed","template":"","meta":[],"_links":{"self":[{"href":"https:\/\/quintadesantiago.pt\/en\/wp-json\/wp\/v2\/product\/1268"}],"collection":[{"href":"https:\/\/quintadesantiago.pt\/en\/wp-json\/wp\/v2\/product"}],"about":[{"href":"https:\/\/quintadesantiago.pt\/en\/wp-json\/wp\/v2\/types\/product"}],"replies":[{"embeddable":true,"href":"https:\/\/quintadesantiago.pt\/en\/wp-json\/wp\/v2\/comments?post=1268"}],"wp:attachment":[{"href":"https:\/\/quintadesantiago.pt\/en\/wp-json\/wp\/v2\/media?parent=1268"}],"curies":[{"name":"wp","href":"https:\/\/api.w.org\/{rel}","templated":true}]}}