{"id":1274,"date":"2019-10-31T17:26:31","date_gmt":"2019-10-31T17:26:31","guid":{"rendered":"http:\/\/quintadesantiago.pt\/produto\/quinta-de-santiago-alvarinho-e-loureiro\/"},"modified":"2023-06-07T16:02:54","modified_gmt":"2023-06-07T16:02:54","slug":"quinta-de-santiago-alvarinho-e-loureiro","status":"publish","type":"product","link":"https:\/\/quintadesantiago.pt\/en\/product\/quinta-de-santiago-alvarinho-e-loureiro\/","title":{"rendered":"QUINTA DE SANTIAGO ALVARINHO &amp; LOUREIRO"},"content":{"rendered":"","protected":false},"excerpt":{"rendered":"<div class=\"content-box\">\n<div class=\"custom-icon\">\n              <img src=\"\/wp-content\/uploads\/2019\/10\/test.png\" width=\"36\">\n            <\/div>\n<h3 style=\"color: #a8b59b;\">DETAILS<\/h3>\n<p style=\"text-align: left;\"><strong>REGION<\/strong> Vinhos Verdes &#8211; Sub-Region of Mon\u00e7\u00e3o and Melga\u00e7o<br \/>\n<strong>VINTAGE<\/strong> 2022<br \/>\n<strong>VERIETIES<\/strong> Alvarinho e Loureiro<br \/>\n<strong>WINEMAKING<\/strong> Abel Codesso<br \/>\n<strong>ALCOHOL<\/strong> 12,6%<\/p>\n<\/p><\/div>\n<div class=\"separator\"><\/div>\n<div class=\"content-box\">\n<div class=\"custom-icon\">\n              <img src=\"\/wp-content\/uploads\/2019\/10\/wine-glass.png\" width=\"36\">\n            <\/div>\n<h3 style=\"color: #a8b59b;\">TASTING NOTES<\/h3>\n<p style=\"text-align: left;\">Reveals citrus color. The aroma is fresh and floral with balsamic and menthol notes, white flowers and citrus fruits. Presents elegant body, fresh, mineral balanced acidity.<\/p>\n<\/p><\/div>\n<div class=\"separator\"><\/div>\n<div class=\"content-box\">\n<div class=\"custom-icon\">\n              <img src=\"\/wp-content\/uploads\/2019\/10\/restaurant.png\" width=\"36\">\n            <\/div>\n<h3 style=\"color: #a8b59b;\">CONSUMPTION SUGGESTIONS<\/h3>\n<p style=\"text-align: left;\">The elegance of this wine makes it the ideal choice for starters, oysters, mussels, scallops and other seafood, fish and Asian cuisine. It should be served at a temperature between 10\u00baC and 12\u00baC.<\/p>\n<\/p><\/div>\n<div class=\"separator\"><\/div>\n<div class=\"content-box\">\n            <a class=\"btn btn-color-primary btn-style-bordered btn-size-large qsloureiro\" style=\"margin-top: 20px;\" href=\"https:\/\/quintadesantiago.pt\/wp-content\/uploads\/2020\/05\/FT-ALVARINHO-LOUREIRO-2018-PT.pdf\" target=\"_blank\" rel=\"noopener noreferrer\">TECHNICAL SHEET<\/a>\n          <\/div>\n","protected":false},"featured_media":0,"comment_status":"open","ping_status":"closed","template":"","meta":[],"_links":{"self":[{"href":"https:\/\/quintadesantiago.pt\/en\/wp-json\/wp\/v2\/product\/1274"}],"collection":[{"href":"https:\/\/quintadesantiago.pt\/en\/wp-json\/wp\/v2\/product"}],"about":[{"href":"https:\/\/quintadesantiago.pt\/en\/wp-json\/wp\/v2\/types\/product"}],"replies":[{"embeddable":true,"href":"https:\/\/quintadesantiago.pt\/en\/wp-json\/wp\/v2\/comments?post=1274"}],"wp:attachment":[{"href":"https:\/\/quintadesantiago.pt\/en\/wp-json\/wp\/v2\/media?parent=1274"}],"curies":[{"name":"wp","href":"https:\/\/api.w.org\/{rel}","templated":true}]}}