{"id":1278,"date":"2019-10-31T17:32:20","date_gmt":"2019-10-31T17:32:20","guid":{"rendered":"http:\/\/quintadesantiago.pt\/produto\/sparkling-wine-quinta-de-santiago\/"},"modified":"2023-06-07T15:56:19","modified_gmt":"2023-06-07T15:56:19","slug":"espumante-quinta-de-santiago","status":"publish","type":"product","link":"https:\/\/quintadesantiago.pt\/en\/product\/espumante-quinta-de-santiago\/","title":{"rendered":"SPARKLING WINE QUINTA DE SANTIAGO"},"content":{"rendered":"","protected":false},"excerpt":{"rendered":"<div class=\"content-box\">\n<div class=\"custom-icon\">\n              <img src=\"\/wp-content\/uploads\/2019\/10\/test.png\" width=\"36\">\n            <\/div>\n<h3 style=\"color: #d39543;\">DETAILS<\/h3>\n<p style=\"text-align: left;\"><strong>REGI\u00c3O<\/strong> Vinhos Verdes &#8211; Sub-Region of Mon\u00e7\u00e3o and Melga\u00e7o<br \/>\n<strong>VINTAGE<\/strong> 2020<br \/>\n<strong>VARIETIES<\/strong> Alvarinho<br \/>\n<strong>WINEMAKING<\/strong> Abel Codesso<br \/>\n<strong>ALCOHOL<\/strong> 12,8%<\/p>\n<\/p><\/div>\n<div class=\"separator\"><\/div>\n<div class=\"content-box\">\n<div class=\"custom-icon\">\n              <img src=\"\/wp-content\/uploads\/2019\/10\/wine-glass.png\" width=\"36\">\n            <\/div>\n<h3 style=\"color: #d39543;\">TASTING NOTES<\/h3>\n<p style=\"text-align: left;\">Displays a citrus yellow color, with a fine and persistent bubble. The aroma is rich and intense with notes of citrus fruit and toasted, revealing elegance and complexity. In the mouth, it appears smooth and fresh with citrus fruit and delicate toasted notes, a fine bubble that intensifies these sensations. Balance of fresh flavors and soft mousse. Good acidity.<\/p>\n<\/p><\/div>\n<div class=\"separator\"><\/div>\n<div class=\"content-box\">\n<div class=\"custom-icon\">\n              <img src=\"\/wp-content\/uploads\/2019\/10\/restaurant.png\" width=\"36\">\n            <\/div>\n<h3 style=\"color: #d39543;\">CONSUMPTION SUGGESTIONS<\/h3>\n<p style=\"text-align: left;\">The elegance and acidity of this sparkling wine make it the ideal choice for an aperitif or to pair with the most diverse gastronomy such as seafood, grilled fish or meat and oven dishes. It should be served at a temperature between 6\u00baC and 8\u00baC.<\/p>\n<\/p><\/div>\n<div class=\"separator\"><\/div>\n<div class=\"content-box\">\n            <a class=\"btn btn-color-primary btn-style-bordered btn-size-large qsespumante\" style=\"margin-top: 20px;\" href=\"https:\/\/quintadesantiago.pt\/wp-content\/uploads\/2020\/05\/FT-ESPUMANTE-2017-PT.pdf\" target=\"_blank\" rel=\"noopener noreferrer\">TECHNICAL SHEET<\/a>\n          <\/div>\n","protected":false},"featured_media":0,"comment_status":"open","ping_status":"closed","template":"","meta":[],"_links":{"self":[{"href":"https:\/\/quintadesantiago.pt\/en\/wp-json\/wp\/v2\/product\/1278"}],"collection":[{"href":"https:\/\/quintadesantiago.pt\/en\/wp-json\/wp\/v2\/product"}],"about":[{"href":"https:\/\/quintadesantiago.pt\/en\/wp-json\/wp\/v2\/types\/product"}],"replies":[{"embeddable":true,"href":"https:\/\/quintadesantiago.pt\/en\/wp-json\/wp\/v2\/comments?post=1278"}],"wp:attachment":[{"href":"https:\/\/quintadesantiago.pt\/en\/wp-json\/wp\/v2\/media?parent=1278"}],"curies":[{"name":"wp","href":"https:\/\/api.w.org\/{rel}","templated":true}]}}