{"id":1469,"date":"2023-06-07T11:03:25","date_gmt":"2023-06-07T11:03:25","guid":{"rendered":"https:\/\/quintadesantiago.pt\/?post_type=product&#038;p=1469"},"modified":"2023-06-07T15:47:50","modified_gmt":"2023-06-07T15:47:50","slug":"sou-alvarelhao","status":"publish","type":"product","link":"https:\/\/quintadesantiago.pt\/en\/product\/sou-alvarelhao\/","title":{"rendered":"SOU ALVARELH\u00c3O"},"content":{"rendered":"","protected":false},"excerpt":{"rendered":"<div class=\"content-box\">\n<div class=\"custom-icon\">\n              <img src=\"\/wp-content\/uploads\/2019\/10\/test.png\" width=\"36\">\n            <\/div>\n<h3 style=\"color: #ddb37c;\">\n              <span style=\"color: #000000;\">DETAILS<\/span><br \/>\n            <\/h3>\n<p style=\"text-align: left;\"><strong>REGI\u00c3O<\/strong> Vinhos Verdes &#8211; Sub-Region of Mon\u00e7\u00e3o and Melga\u00e7o<br \/>\n<strong>VINTAGE<\/strong> 2020<br \/>\n<strong>VARIETIES<\/strong> Alvarelh\u00e3o<br \/>\n<strong>WINEMAKING<\/strong> Nuno Mira do \u00d3<br \/>\n<strong>ALCOHOL<\/strong> 11.5%<\/p>\n<\/p><\/div>\n<div class=\"separator\"><\/div>\n<div class=\"content-box\">\n<div class=\"custom-icon\">\n              <img src=\"\/wp-content\/uploads\/2019\/10\/wine-glass.png\" width=\"36\">\n            <\/div>\n<h3 style=\"color: #ddb37c;\">\n              <span style=\"color: #000000;\">TASTING NOTES<\/span><br \/>\n            <\/h3>\n<p style=\"text-align: left;\">Medium open color. Deep and elegant nose with notes of red fruits, pepper, cinnamon and herbs. Textured and fresh mouthfeel with good structure of very smooth tannins, vibrant acidity and long finish on fruit and spice notes.<\/p>\n<\/p><\/div>\n<div class=\"separator\"><\/div>\n<div class=\"content-box\">\n<div class=\"custom-icon\">\n              <img src=\"\/wp-content\/uploads\/2019\/10\/restaurant.png\" width=\"36\">\n            <\/div>\n<h3 style=\"color: #ddb37c;\">\n              <span style=\"color: #000000;\">CONSUMPTION SUGGESTIONS<\/span><br \/>\n            <\/h3>\n<p style=\"text-align: left;\">It is a wine full of elegance, tension, and complexity that gives it great gastronomic potential, from lighter dishes to fattier ones. It will be an excellent companion for the more traditional Minhota dishes but also for cheeses, game, red meats and fatty fish.<\/p>\n<\/p><\/div>\n<div class=\"separator\"><\/div>\n<div class=\"content-box\">\n            <a class=\"btn btn-color-primary btn-style-bordered btn-size-large qsreserva\" style=\"margin-top: 20px;\" href=\"\/wp-content\/uploads\/2023\/06\/Ficha-tecnica-SOU-Alvarelhao.pdf\" target=\"_blank\" rel=\"noopener noreferrer\">TECHNICAL SHEET<\/a>\n          <\/div>\n","protected":false},"featured_media":1465,"comment_status":"open","ping_status":"closed","template":"","meta":[],"_links":{"self":[{"href":"https:\/\/quintadesantiago.pt\/en\/wp-json\/wp\/v2\/product\/1469"}],"collection":[{"href":"https:\/\/quintadesantiago.pt\/en\/wp-json\/wp\/v2\/product"}],"about":[{"href":"https:\/\/quintadesantiago.pt\/en\/wp-json\/wp\/v2\/types\/product"}],"replies":[{"embeddable":true,"href":"https:\/\/quintadesantiago.pt\/en\/wp-json\/wp\/v2\/comments?post=1469"}],"wp:featuredmedia":[{"embeddable":true,"href":"https:\/\/quintadesantiago.pt\/en\/wp-json\/wp\/v2\/media\/1465"}],"wp:attachment":[{"href":"https:\/\/quintadesantiago.pt\/en\/wp-json\/wp\/v2\/media?parent=1469"}],"curies":[{"name":"wp","href":"https:\/\/api.w.org\/{rel}","templated":true}]}}