{"id":1486,"date":"2023-06-07T13:51:51","date_gmt":"2023-06-07T13:51:51","guid":{"rendered":"https:\/\/quintadesantiago.pt\/?post_type=product&#038;p=1486"},"modified":"2023-06-07T15:43:34","modified_gmt":"2023-06-07T15:43:34","slug":"cisma","status":"publish","type":"product","link":"https:\/\/quintadesantiago.pt\/en\/product\/cisma\/","title":{"rendered":"CISMA"},"content":{"rendered":"","protected":false},"excerpt":{"rendered":"<div class=\"content-box\">\n<div class=\"custom-icon\">\n              <img src=\"\/wp-content\/uploads\/2019\/10\/test.png\" width=\"36\">\n            <\/div>\n<h3 style=\"color: #ddb37c;\">\n              <span style=\"color: #000000;\">DETAILS<\/span><br \/>\n            <\/h3>\n<p style=\"text-align: left;\"><strong>REGI\u00c3O<\/strong> Vinhos Verdes &#8211; Sub-Region of Mon\u00e7\u00e3o and Melga\u00e7o<br \/>\n<strong>VINTAGE<\/strong> 2020<br \/>\n<strong>VARIETIES<\/strong> Alvarelh\u00e3o<br \/>\n<strong>WINEMAKING<\/strong> Nuno Mira do \u00d3<br \/>\n<strong>ALCOHOL<\/strong> 11%<\/p>\n<\/p><\/div>\n<div class=\"separator\"><\/div>\n<div class=\"content-box\">\n<div class=\"custom-icon\">\n              <img src=\"\/wp-content\/uploads\/2019\/10\/wine-glass.png\" width=\"36\">\n            <\/div>\n<h3 style=\"color: #ddb37c;\">\n              <span style=\"color: #000000;\">TASTING NOTES<\/span><br \/>\n            <\/h3>\n<p style=\"text-align: left;\">Clear, straw-yellow color. Contained, fresh aroma with notes of dried tea leaves. Slight balsamic touch, white flowers and strong citrus. Medium volume, marked by acidity. Lemonade, slight reduction and oxidation.<\/p>\n<\/p><\/div>\n<div class=\"separator\"><\/div>\n<div class=\"content-box\">\n<div class=\"custom-icon\">\n              <img src=\"\/wp-content\/uploads\/2019\/10\/restaurant.png\" width=\"36\">\n            <\/div>\n<h3 style=\"color: #ddb37c;\">\n              <span style=\"color: #000000;\">CONSUMPTION SUGGESTIONS<\/span><br \/>\n            <\/h3>\n<p style=\"text-align: left;\">It goes well with scabeches, seafood, fatty fish, white meats, and pastas.<\/p>\n<\/p><\/div>\n<div class=\"separator\"><\/div>\n<div class=\"content-box\">\n            <a class=\"btn btn-color-primary btn-style-bordered btn-size-large qsreserva\" style=\"margin-top: 20px;\" href=\"\/wp-content\/uploads\/2023\/06\/FT-CISMA-2019-scaled.jpg\" target=\"_blank\" rel=\"noopener noreferrer\">TECHNICAL SHEET<\/a>\n          <\/div>\n","protected":false},"featured_media":1488,"comment_status":"open","ping_status":"closed","template":"","meta":[],"_links":{"self":[{"href":"https:\/\/quintadesantiago.pt\/en\/wp-json\/wp\/v2\/product\/1486"}],"collection":[{"href":"https:\/\/quintadesantiago.pt\/en\/wp-json\/wp\/v2\/product"}],"about":[{"href":"https:\/\/quintadesantiago.pt\/en\/wp-json\/wp\/v2\/types\/product"}],"replies":[{"embeddable":true,"href":"https:\/\/quintadesantiago.pt\/en\/wp-json\/wp\/v2\/comments?post=1486"}],"wp:featuredmedia":[{"embeddable":true,"href":"https:\/\/quintadesantiago.pt\/en\/wp-json\/wp\/v2\/media\/1488"}],"wp:attachment":[{"href":"https:\/\/quintadesantiago.pt\/en\/wp-json\/wp\/v2\/media?parent=1486"}],"curies":[{"name":"wp","href":"https:\/\/api.w.org\/{rel}","templated":true}]}}