{"id":1534,"date":"2023-06-14T10:06:34","date_gmt":"2023-06-14T10:11:56","guid":{"rendered":"https:\/\/quintadesantiago.pt\/produto\/sou-alvarinho\/"},"modified":"2023-06-14T10:18:59","modified_gmt":"2023-06-14T10:18:59","slug":"sou-alvarinho","status":"publish","type":"product","link":"https:\/\/quintadesantiago.pt\/en\/product\/sou-alvarinho\/","title":{"rendered":"SOU ALVARINHO"},"content":{"rendered":"","protected":false},"excerpt":{"rendered":"<p>&nbsp;<\/p>\n<div class=\"content-box\">\n<div class=\"custom-icon\"><img src=\"\/wp-content\/uploads\/2019\/10\/test.png\" width=\"36\" \/><\/div>\n<h3 style=\"color: #ddb37c;\"><span style=\"color: #000000;\">DETAILS<\/span><\/h3>\n<p style=\"text-align: left;\"><strong>REGI\u00c3O<\/strong> Vinhos Verdes &#8211; Sub-Region of Mon\u00e7\u00e3o and Melga\u00e7o<br \/>\n<strong>VINTAGE<\/strong> 2021<br \/>\n<strong>VARIETIES<\/strong> Alvarinho<br \/>\n<strong>WINEMAKING<\/strong> Nuno Mira do \u00d3<br \/>\n<strong>ALCOHOL<\/strong> 12,5%<\/p>\n<\/div>\n<div class=\"separator\"><\/div>\n<div class=\"content-box\">\n<div class=\"custom-icon\"><img src=\"\/wp-content\/uploads\/2019\/10\/wine-glass.png\" width=\"36\" \/><\/div>\n<h3 style=\"color: #ddb37c;\"><span style=\"color: #000000;\">TASTING NOTES<\/span><\/h3>\n<p style=\"text-align: left;\">A complex nose that shows with aeration in the glass, on notes of apricot, lemon leaf, spice, wild flowers and wet stone. In the mouth it shows great texture, freshness, and persistence. The acidity is in great harmony with the volume and moderates the aromatic notes into a very long, taut and delicious finish.<\/p>\n<\/div>\n<div class=\"separator\"><\/div>\n<div class=\"content-box\">\n<div class=\"custom-icon\"><img src=\"\/wp-content\/uploads\/2019\/10\/restaurant.png\" width=\"36\" \/><\/div>\n<h3 style=\"color: #ddb37c;\"><span style=\"color: #000000;\">CONSUMPTION SUGGESTIONS<\/span><\/h3>\n<p style=\"text-align: left;\">It is a highly gastronomic wine that, due to its freshness and texture, is able to accompany a wide variety of dishes, from a simple tomato salad, to a cockle sherry, steamed mussels, a spicy halibut, grilled sea bass, a succulent tuna o-toro, to fried quail, pickled partridge, spicy guinea fowl, or Iberian pork steaks.<\/p>\n<\/div>\n<div class=\"separator\"><\/div>\n<div class=\"content-box\"><a class=\"btn btn-color-primary btn-style-bordered btn-size-large qsreserva\" style=\"margin-top: 20px;\" href=\"\/wp-content\/uploads\/2021\/01\/FT-SOU-EN.pdf\" target=\"_blank\" rel=\"noopener noreferrer\">TECHNICAL SHEET<\/a><\/div>\n","protected":false},"featured_media":1371,"comment_status":"open","ping_status":"closed","template":"","meta":[],"_links":{"self":[{"href":"https:\/\/quintadesantiago.pt\/en\/wp-json\/wp\/v2\/product\/1534"}],"collection":[{"href":"https:\/\/quintadesantiago.pt\/en\/wp-json\/wp\/v2\/product"}],"about":[{"href":"https:\/\/quintadesantiago.pt\/en\/wp-json\/wp\/v2\/types\/product"}],"replies":[{"embeddable":true,"href":"https:\/\/quintadesantiago.pt\/en\/wp-json\/wp\/v2\/comments?post=1534"}],"wp:featuredmedia":[{"embeddable":true,"href":"https:\/\/quintadesantiago.pt\/en\/wp-json\/wp\/v2\/media\/1371"}],"wp:attachment":[{"href":"https:\/\/quintadesantiago.pt\/en\/wp-json\/wp\/v2\/media?parent=1534"}],"curies":[{"name":"wp","href":"https:\/\/api.w.org\/{rel}","templated":true}]}}